{"id":5817,"date":"2024-07-29T10:13:47","date_gmt":"2024-07-29T10:13:47","guid":{"rendered":"https:\/\/masclonic.com\/productos\/"},"modified":"2024-12-10T13:41:51","modified_gmt":"2024-12-10T13:41:51","slug":"productos","status":"publish","type":"page","link":"https:\/\/masclonic.com\/ca\/productos\/","title":{"rendered":"Productes"},"content":{"rendered":"<div class=\"wpb-content-wrapper\">[vc_section css_animation=&#8221;fadeInRight&#8221; full_width=&#8221;stretch_row_content&#8221; css=&#8221;.vc_custom_1721127303896{padding-top: 100px !important;padding-bottom: 60px !important;}&#8221;][vc_row remove_bottom_col_margin=&#8221;true&#8221; max_width_custom=&#8221;1300px&#8221; css=&#8221;.vc_custom_1721037032034{padding-bottom: 40px !important;}&#8221;][vc_column]<style>.vcex-heading.vcex_69f4bb27ed57a{font-size:35px;font-weight:400;}<\/style><h2 class=\"vcex-heading vcex-heading-plain vcex-module wpex-heading wpex-text-2xl wpex-text-center vc_custom_1721121620015 vcex_69f4bb27ed57a\"><span class=\"vcex-heading-inner wpex-inline-block\">Les nostres solucions electromagn\u00e8tiques<\/span><\/h2>[\/vc_column][\/vc_row][vc_row max_width_custom=&#8221;1300px&#8221;][vc_column width=&#8221;1\/2&#8243;]<style>.vcex-image-banner.vcex_69f4bb27eed3e{min-height:500px;}.vcex-image-banner.vcex_69f4bb27eed3e .vcex-ib-overlay-bg{background-color:#000000;opacity:0.6;}.vcex-image-banner.vcex_69f4bb27eed3e .vcex-ib-title{font-family:Kanit, sans-serif;}.vcex-image-banner.vcex_69f4bb27eed3e .vcex-ib-img{transition-duration:4.5s;}<\/style><a class=\"vcex-module vcex-image-banner vcex-image-banner-has-link wpex-no-underline wpex-flex wpex-flex-col wpex-w-100 wpex-justify-center wpex-relative wpex-overflow-hidden wpex-bg-gray-900 wpex-text-white wpex-hover-text-white wpex-text-center vcex-h-zoom wpex-isolate vcex_69f4bb27eed3e\" href=\"https:\/\/masclonic.com\/ca\/productos\/solenoides-electroimanes-de-accionamiento\/\"><span class=\"vcex-ib-img wpex-block wpex-transition-all wpex-duration-500 wpex-bg-cover wpex-absolute wpex-inset-0\" style=\"background-image:url(https:\/\/masclonic.com\/wp-content\/uploads\/2024\/07\/img-productes-home-solenoides.jpg);\"><\/span><div class=\"vcex-ib-content-wrap wpex-w-100 wpex-transition-all wpex-duration-500 wpex-py-100 wpex-px-40 wpex-relative\"><div class=\"vcex-ib-content wpex-mx-auto\"><\/div><\/div><\/a><div class=\"vcex-spacing wpex-w-100 wpex-clear\" style=\"height:20px;\"><\/div><style>.vcex-heading.vcex_69f4bb2802bbe{color:#000000;font-size:26px;font-family:Kanit, sans-serif;}.vcex-heading.vcex_69f4bb2802bbe:hover{color:var(--wpex-accent);}<\/style><h2 class=\"vcex-heading vcex-heading-plain vcex-module wpex-heading wpex-text-2xl wpex-text-center vcex_69f4bb2802bbe\"><a href=\"\/ca\/productos\/solenoides-electroimanes-de-accionamiento\/\" class=\"wpex-no-underline wpex-inherit-color\" title=\"Solenoides - Electroimanes de accionamiento\" target=\"_self\"><span class=\"vcex-heading-inner wpex-inline-block\"><strong>Solenoides<\/strong> - Electroimants d'accionament<\/span><\/a><\/h2>[\/vc_column][vc_column width=&#8221;1\/2&#8243;]<style>.vcex-image-banner.vcex_69f4bb28037af{min-height:500px;}.vcex-image-banner.vcex_69f4bb28037af .vcex-ib-overlay-bg{background-color:var(--wpex-on-accent-alt);opacity:0.5;}.vcex-image-banner.vcex_69f4bb28037af .vcex-ib-title{font-family:Kanit, sans-serif;}.vcex-image-banner.vcex_69f4bb28037af .vcex-ib-img{transition-duration:4.5s;}<\/style><a class=\"vcex-module vcex-image-banner vcex-image-banner-has-link wpex-no-underline wpex-flex wpex-flex-col wpex-w-100 wpex-justify-center wpex-relative wpex-overflow-hidden wpex-bg-gray-900 wpex-text-white wpex-hover-text-white wpex-text-center vcex-h-zoom wpex-isolate vcex_69f4bb28037af\" href=\"https:\/\/masclonic.com\/ca\/productos\/lapas-o-ventosas\/\"><span class=\"vcex-ib-img wpex-block wpex-transition-all wpex-duration-500 wpex-bg-cover wpex-absolute wpex-inset-0\" style=\"background-image:url(https:\/\/masclonic.com\/wp-content\/uploads\/2024\/07\/img-productes-home-lapas.jpg);\"><\/span><div class=\"vcex-ib-content-wrap wpex-w-100 wpex-transition-all wpex-duration-500 wpex-py-100 wpex-px-40 wpex-relative\"><div class=\"vcex-ib-content wpex-mx-auto\"><\/div><\/div><\/a><div class=\"vcex-spacing wpex-w-100 wpex-clear\" style=\"height:20px;\"><\/div><style>.vcex-heading.vcex_69f4bb28089ff{color:#000000;font-size:26px;font-family:Kanit, sans-serif;}.vcex-heading.vcex_69f4bb28089ff:hover{color:var(--wpex-accent);}<\/style><h2 class=\"vcex-heading vcex-heading-plain vcex-module wpex-heading wpex-text-2xl wpex-text-center vcex_69f4bb28089ff\"><a href=\"\/ca\/productos\/lapas-o-ventosas\/\" class=\"wpex-no-underline wpex-inherit-color\" title=\"Lapas o ventosas\" target=\"_self\"><span class=\"vcex-heading-inner wpex-inline-block\"><strong>Lapes o ventoses<\/strong> electromagn\u00e8tiques<\/span><\/a><\/h2>[\/vc_column][\/vc_row][\/vc_section][vc_row css_animation=&#8221;fadeInUp&#8221; remove_bottom_col_margin=&#8221;true&#8221;][vc_column]<div class=\"templatera_shortcode\"><style type=\"text\/css\" data-type=\"vc_shortcodes-custom-css\">.vc_custom_1721127347472{padding-top: 100px !important;padding-bottom: 100px !important;}.vc_custom_1721039817705{background-color: rgba(0,0,0,0.74) !important;*background-color: rgb(0,0,0) !important;}.vc_custom_1722344547467{padding-bottom: 10px !important;}.vc_custom_1721115411707{padding-bottom: 10px !important;}<\/style><div data-vc-parallax=\"1.5\" data-vc-parallax-image=\"https:\/\/masclonic.com\/wp-content\/uploads\/2024\/07\/parallax-contacto-home.jpg\" class=\"vc_section wpb_animate_when_almost_visible wpb_fadeInUp fadeInUp vc_custom_1721127347472 vc_general vc_parallax vc_parallax-content-moving wpex-vc-full-width-section wpex-has-overlay wpex-relative wpex-vc_section-has-fill wpex-vc-reset-negative-margin\"><div class=\"wpex-bg-overlay-wrap wpex-absolute wpex-inset-0 wpex-rounded-inherit\"><span class=\"wpex-bg-overlay color wpex-absolute wpex-inset-0 wpex-rounded-inherit wpex-opacity-60 wpex-bg-black\" style=\"background-color:var(--wpex-accent);opacity:0.8;\"><\/span><\/div><div class=\"vc_row wpb_row vc_row-fluid vc_row-o-content-middle vc_row-flex wpex-relative wpex-vc-has-custom-column-spacing wpex-vc-column-spacing-60 wpex-vc_row-mx-auto no-bottom-margins\" style=\"max-width:1300px;\"><div class=\"wpb_column vc_column_container vc_col-sm-6\"><div class=\"vc_column-inner\"><div class=\"wpb_wrapper\"><style>.vcex-heading.vcex_69f4bb280d1af{color:#ffffff;font-size:36px;font-family:Airstrike;font-weight:400;text-transform:uppercase;}<\/style><div class=\"vcex-heading vcex-heading-plain vcex-module wpex-heading wpex-text-2xl wpex-mb-15 wpex-text-left vc_custom_1722344547467 encabezados vcex_69f4bb280d1af\"><span class=\"vcex-heading-inner wpex-inline-block\">Contacta amb nosaltres<\/span><\/div>\n\t<div style=\"color:#ffffff;font-size:18px;\" class=\"wpb_text_column has-custom-color wpex-child-inherit-color wpb_content_element\" >\n\t\t<div class=\"wpb_wrapper\">\n\t\t\t<p>Si necessites informaci\u00f3 sobre els nostres productes, no dubtis en posar-te en contacte amb nosaltres i t'assessorarem en tot all\u00f2 que necessitis.<\/p>\n\n\t\t<\/div>\n\t<\/div>\n<div class=\"vcex-spacing wpex-w-100 wpex-clear\" style=\"height:20px;\"><\/div><style>.vcex-heading.vcex_69f4bb280e293{color:#ffffff;font-size:20px;font-family:Kanit, sans-serif;font-weight:400;}<\/style><h3 class=\"vcex-heading vcex-heading-plain vcex-module wpex-heading wpex-text-2xl wpex-mb-15 wpex-text-left vc_custom_1721115411707 vcex_69f4bb280e293\"><span class=\"vcex-heading-inner wpex-inline-block\">Tamb\u00e9 pots contactar amb nosaltres mitjan\u00e7ant el nostre tel\u00e8fon o correu electr\u00f2nic:<\/span><\/h3><div class=\"vcex-spacing wpex-w-100 wpex-clear\" style=\"height:15px;\"><\/div><style>.vcex-list_item.vcex_69f4bb280ee73{font-size:20px;color:#ffffff;}.vcex-list_item.vcex_69f4bb280ee73 .vcex-list-item-icon-inner{color:var(--wpex-accent);background:#ffffff;font-size:22px;border-radius:var(--wpex-rounded-full);width:42px;height:42px;}<\/style><div class=\"vcex-list_item vcex-module wpex-m-0 wpex-max-w-100 wpex-mb-10 vcex_69f4bb280ee73\"><a href=\"mailto:mas&#099;lonic&#064;&#109;as&#099;l&#111;&#110;i&#099;&#046;co&#109;\" class=\"vcex-list-item-link wpex-no-underline wpex-inherit-color\" target=\"_blank\" rel=\"nofollow noopener noreferrer\"><div class=\"vcex-list-item-inner wpex-inline-flex wpex-flex-no-wrap wpex-items-center\"><div class=\"vcex-list-item-icon wpex-mr-10\"><div class=\"vcex-list-item-icon-inner vcex-icon-wrap wpex-inline-flex wpex-justify-center wpex-items-center wpex-leading-none wpex-child-inherit-color\"><span class=\"wpex-icon\" aria-hidden=\"true\"><svg xmlns=\"http:\/\/www.w3.org\/2000\/svg\" viewBox=\"0 0 32 32\"><path d=\"M32 11.679v17.464q0 1.179-0.839 2.018t-2.018 0.839h-26.286q-1.179 0-2.018-0.839t-0.839-2.018v-17.464q0-0.268 0.196-0.429 0.143-0.125 0.696-0.616t0.741-0.643 0.813-0.67 1.25-0.991 1.714-1.304 2.563-1.911 3.438-2.509q0.089-0.071 0.938-0.714t1.277-0.938 1.143-0.625 1.232-0.33 1.232 0.33 1.161 0.634 1.268 0.929 0.929 0.714q1.964 1.429 3.438 2.509t2.563 1.911 1.714 1.304 1.25 0.991 0.813 0.67 0.741 0.643 0.696 0.616q0.196 0.161 0.196 0.429zM21.929 22.125q4.696-3.411 6.161-4.5 0.196-0.143 0.223-0.366t-0.116-0.42l-0.679-0.929q-0.143-0.196-0.375-0.223t-0.429 0.116q-4.125 3.018-6.125 4.464-0.089 0.054-0.929 0.696t-1.277 0.938-1.152 0.625-1.232 0.33-1.232-0.33-1.152-0.625-1.277-0.938-0.929-0.696q-3.321-2.393-6.125-4.464-0.196-0.143-0.429-0.116t-0.375 0.223l-0.679 0.929q-0.143 0.196-0.116 0.42t0.223 0.366q1.464 1.089 6.161 4.5 0.179 0.143 0.893 0.679t1.161 0.839 1.143 0.705 1.384 0.598 1.348 0.196 1.348-0.196 1.411-0.616 1.152-0.705 1.161-0.848 0.857-0.652z\"><\/path><\/svg><\/span><\/div><\/div><div class=\"vcex-list-item-text vcex-content wpex-flex-grow\">&#109;as&#99;l&#111;n&#105;c&#64;&#109;as&#99;&#108;&#111;nic&#46;&#99;o&#109;<\/div><\/div><\/a><\/div><style>.vcex-list_item.vcex_69f4bb280f888{font-size:20px;color:#ffffff;}.vcex-list_item.vcex_69f4bb280f888 .vcex-list-item-icon-inner{color:var(--wpex-accent);background:#ffffff;font-size:22px;border-radius:var(--wpex-rounded-full);width:42px;height:42px;}<\/style><div class=\"vcex-list_item vcex-module wpex-m-0 wpex-max-w-100 wpex-mb-10 vcex_69f4bb280f888\"><a href=\"https:\/\/wa.me\/+34677811086\" class=\"vcex-list-item-link wpex-no-underline wpex-inherit-color\" target=\"_blank\" rel=\"nofollow noopener noreferrer\"><div class=\"vcex-list-item-inner wpex-inline-flex wpex-flex-no-wrap wpex-items-center\"><div class=\"vcex-list-item-icon wpex-mr-10\"><div class=\"vcex-list-item-icon-inner vcex-icon-wrap wpex-inline-flex wpex-justify-center wpex-items-center wpex-leading-none wpex-child-inherit-color\"><span aria-hidden=\"true\" class=\"fas fa-mobile-alt\"><\/span><\/div><\/div><div class=\"vcex-list-item-text vcex-content wpex-flex-grow\">+34 677 81 10 86<\/div><\/div><\/a><\/div><style>.vcex-list_item.vcex_69f4bb281011e{font-size:20px;color:#ffffff;}.vcex-list_item.vcex_69f4bb281011e .vcex-list-item-icon-inner{color:var(--wpex-accent);background:#ffffff;font-size:22px;border-radius:var(--wpex-rounded-full);width:42px;height:42px;}<\/style><div class=\"vcex-list_item vcex-module wpex-m-0 wpex-max-w-100 wpex-mb-10 vcex_69f4bb281011e\"><a href=\"tel:+34938487652\" class=\"vcex-list-item-link wpex-no-underline wpex-inherit-color\" target=\"_blank\" rel=\"nofollow noopener noreferrer\"><div class=\"vcex-list-item-inner wpex-inline-flex wpex-flex-no-wrap wpex-items-center\"><div class=\"vcex-list-item-icon wpex-mr-10\"><div class=\"vcex-list-item-icon-inner vcex-icon-wrap wpex-inline-flex wpex-justify-center wpex-items-center wpex-leading-none wpex-child-inherit-color\"><span aria-hidden=\"true\" class=\"fas fa-phone-alt\"><\/span><\/div><\/div><div class=\"vcex-list-item-text vcex-content wpex-flex-grow\">+34 93 848 76 52<\/div><\/div><\/a><\/div><div class=\"vcex-spacing wpex-w-100 wpex-clear\" style=\"height:30px;\"><\/div><\/div><\/div><\/div><div class=\"wpb_column caixa-form vc_column_container vc_col-sm-6 wpex-vc_col-has-fill\"><div class=\"vc_column-inner vc_custom_1721039817705\"><div class=\"wpb_wrapper\"><style id=\"wpforms-css-vars-4714\">\n\t\t\t\t#wpforms-4714 {\n\t\t\t\t\n\t\t\t}\n\t\t\t<\/style><div class=\"wpforms-container wpforms-container-full formulari-contacte wpforms-render-modern\" id=\"wpforms-4714\"><form id=\"wpforms-form-4714\" class=\"wpforms-validate wpforms-form wpforms-ajax-form\" data-formid=\"4714\" method=\"post\" enctype=\"multipart\/form-data\" action=\"\/ca\/wp-json\/wp\/v2\/pages\/5817\" data-token=\"17edc02f6b01dc358620a186f237f9de\" data-token-time=\"1777646376\"><noscript class=\"wpforms-error-noscript\">Activeu el JavaScript al navegador per a poder completar el formulari.<\/noscript><div id=\"wpforms-error-noscript\" style=\"display: none;\">Activeu el JavaScript al navegador per a poder completar el formulari.<\/div><div class=\"wpforms-field-container\"><div id=\"wpforms-4714-field_0-container\" class=\"wpforms-field wpforms-field-name\" data-field-id=\"0\"><fieldset><legend class=\"wpforms-field-label wpforms-label-hide\" aria-hidden=\"false\">Nom <span class=\"wpforms-required-label\" aria-hidden=\"true\">*<\/span><\/legend><div class=\"wpforms-field-row wpforms-field-large\"><div class=\"wpforms-field-row-block wpforms-first wpforms-one-half\"><input type=\"text\" id=\"wpforms-4714-field_0\" class=\"wpforms-field-name-first wpforms-field-required\" name=\"wpforms[fields][0][first]\" placeholder=\"Nom *\" aria-errormessage=\"wpforms-4714-field_0-error\" required><label for=\"wpforms-4714-field_0\" class=\"wpforms-field-sublabel after wpforms-sublabel-hide\">Nom<\/label><\/div><div class=\"wpforms-field-row-block wpforms-one-half\"><input type=\"text\" id=\"wpforms-4714-field_0-last\" class=\"wpforms-field-name-last wpforms-field-required\" name=\"wpforms[fields][0][last]\" placeholder=\"Cognoms *\" aria-errormessage=\"wpforms-4714-field_0-last-error\" required><label for=\"wpforms-4714-field_0-last\" class=\"wpforms-field-sublabel after wpforms-sublabel-hide\">Cognoms<\/label><\/div><\/div><\/fieldset><\/div><div id=\"wpforms-4714-field_1-container\" class=\"wpforms-field wpforms-field-email\" data-field-id=\"1\"><label class=\"wpforms-field-label wpforms-label-hide\" for=\"wpforms-4714-field_1\" aria-hidden=\"false\">Correu electr\u00f2nic <span class=\"wpforms-required-label\" aria-hidden=\"true\">*<\/span><\/label><input type=\"email\" id=\"wpforms-4714-field_1\" class=\"wpforms-field-large wpforms-field-required\" name=\"wpforms[fields][1]\" placeholder=\"Email *\" spellcheck=\"false\" aria-errormessage=\"wpforms-4714-field_1-error\" required><\/div><div id=\"wpforms-4714-field_8-container\" class=\"wpforms-field wpforms-field-text\" data-field-id=\"8\"><label class=\"wpforms-field-label wpforms-label-hide\" for=\"wpforms-4714-field_8\" aria-hidden=\"false\">Tel\u00e8fon <span class=\"wpforms-required-label\" aria-hidden=\"true\">*<\/span><\/label><input type=\"text\" id=\"wpforms-4714-field_8\" class=\"wpforms-field-large wpforms-field-required\" name=\"wpforms[fields][8]\" placeholder=\"Tel\u00e8fon *\" aria-errormessage=\"wpforms-4714-field_8-error\" required><\/div><div id=\"wpforms-4714-field_5-container\" class=\"wpforms-field wpforms-field-text wpforms-one-half wpforms-first\" data-field-id=\"5\"><label class=\"wpforms-field-label wpforms-label-hide\" for=\"wpforms-4714-field_5\" aria-hidden=\"false\">Empresa <span class=\"wpforms-required-label\" aria-hidden=\"true\">*<\/span><\/label><input type=\"text\" id=\"wpforms-4714-field_5\" class=\"wpforms-field-large wpforms-field-required\" name=\"wpforms[fields][5]\" placeholder=\"Empresa *\" aria-errormessage=\"wpforms-4714-field_5-error\" required><\/div><div id=\"wpforms-4714-field_6-container\" class=\"wpforms-field wpforms-field-text wpforms-one-half\" data-field-id=\"6\"><label class=\"wpforms-field-label wpforms-label-hide\" for=\"wpforms-4714-field_6\" aria-hidden=\"false\">Pa\u00eds <span class=\"wpforms-required-label\" aria-hidden=\"true\">*<\/span><\/label><input type=\"text\" id=\"wpforms-4714-field_6\" class=\"wpforms-field-large wpforms-field-required\" name=\"wpforms[fields][6]\" placeholder=\"Pa\u00eds *\" aria-errormessage=\"wpforms-4714-field_6-error\" required><\/div><div id=\"wpforms-4714-field_2-container\" class=\"wpforms-field wpforms-field-textarea\" data-field-id=\"2\"><label class=\"wpforms-field-label wpforms-label-hide\" for=\"wpforms-4714-field_2\" aria-hidden=\"false\">Comentari o missatge<\/label><textarea id=\"wpforms-4714-field_2\" class=\"wpforms-field-small\" name=\"wpforms[fields][2]\" placeholder=\"Deixa un comentari\" aria-errormessage=\"wpforms-4714-field_2-error\" ><\/textarea><\/div><div id=\"wpforms-4714-field_4-container\" class=\"wpforms-field wpforms-field-checkbox\" data-field-id=\"4\"><fieldset><legend class=\"wpforms-field-label wpforms-label-hide\" aria-hidden=\"false\">Caselles de verificaci\u00f3 <span class=\"wpforms-required-label\" aria-hidden=\"true\">*<\/span><\/legend><ul id=\"wpforms-4714-field_4\" class=\"wpforms-field-required\"><li class=\"choice-1 depth-1\"><input type=\"checkbox\" id=\"wpforms-4714-field_4_1\" name=\"wpforms[fields][4][]\" value=\"He llegit i accepto l&#039; &lt;a href=&quot;https:\/\/masclonic.com\/aviso-legal\/&quot; rel=&quot;nofollow noopener noreferrer&quot; target=&quot;_blank&quot; class=&quot;link-acceptar-form&quot;&gt;Av\u00eds Legal&lt;\/a&gt; i la &lt;a target=&quot;_blank&quot; rel=&quot;nofollow noopener noreferrer&quot; href=&quot;https:\/\/masclonic.com\/politica-de-privacidad\/&quot; class=&quot;link-acceptar-form&quot;&gt;Pol\u00edtica de Privadesa&lt;\/a&gt; d&#039;aquest lloc web.\" aria-errormessage=\"wpforms-4714-field_4_1-error\" required ><label class=\"wpforms-field-label-inline\" for=\"wpforms-4714-field_4_1\">He llegit i accepto l' <a href=\"https:\/\/masclonic.com\/aviso-legal\/\" rel=\"nofollow noopener noreferrer\" target=\"_blank\" class=\"link-acceptar-form\">Av\u00eds Legal<\/a> i la <a target=\"_blank\" rel=\"nofollow noopener noreferrer\" href=\"https:\/\/masclonic.com\/politica-de-privacidad\/\" class=\"link-acceptar-form\">Pol\u00edtica de Privadesa<\/a> d'aquest lloc web.<\/label><\/li><\/ul><\/fieldset><\/div><\/div><!-- .wpforms-field-container --><div class=\"wpforms-recaptcha-container wpforms-is-recaptcha wpforms-is-recaptcha-type-v3\" ><input type=\"hidden\" name=\"wpforms[recaptcha]\" value=\"\"><\/div><div class=\"wpforms-submit-container\" ><input type=\"hidden\" name=\"wpforms[id]\" value=\"4714\"><input type=\"hidden\" name=\"page_title\" value=\"\"><input type=\"hidden\" name=\"page_url\" value=\"https:\/\/masclonic.com\/ca\/wp-json\/wp\/v2\/pages\/5817\"><input type=\"hidden\" name=\"url_referer\" value=\"\"><button type=\"submit\" name=\"wpforms[submit]\" id=\"wpforms-submit-4714\" class=\"wpforms-submit\" data-alt-text=\"Enviant...\" data-submit-text=\"ENVIAR\" aria-live=\"assertive\" value=\"wpforms-submit\">ENVIAR<\/button><img src=\"https:\/\/masclonic.com\/wp-content\/plugins\/wpforms-lite\/assets\/images\/submit-spin.svg\" class=\"wpforms-submit-spinner\" style=\"display: none;\" width=\"26\" height=\"26\" alt=\"S&#039;est\u00e0 carregant\"><\/div><\/form><\/div>  <!-- .wpforms-container --><\/div><\/div><\/div><\/div><\/div><\/div>[\/vc_column][\/vc_row]\n<\/div>","protected":false},"excerpt":{"rendered":"Les nostres solucions electromagn\u00e8tiquesSolenoides - Electroimants d'accionamentLapes o ventoses electromagn\u00e8tiquesContacta amb nosaltres Si necessites informaci\u00f3 sobre els nostres productes, no dubtis en posar-te en contacte amb nosaltres i t'assessorarem en tot all\u00f2 que necessitis. Tamb\u00e9 pots contactar amb nosaltres mitjan\u00e7ant el nostre tel\u00e8fon o correu electr\u00f2nic:m&#97;&#115;&#99;l&#111;&#110;&#105;c&#64;m&#97;&#115;cl&#111;n&#105;c&#46;c&#111;&#109;+34 677 81 10 86+34 93 848 76 52Activeu el&hellip;","protected":false},"author":1,"featured_media":0,"parent":0,"menu_order":0,"comment_status":"closed","ping_status":"closed","template":"","meta":{"footnotes":""},"class_list":["post-5817","page","type-page","status-publish","hentry","entry","no-media"],"yoast_head":"<!-- This site is optimized with the Yoast SEO plugin v26.9 - https:\/\/yoast.com\/product\/yoast-seo-wordpress\/ -->\n<title>Productes - Masclonic<\/title>\n<meta name=\"robots\" content=\"index, follow, max-snippet:-1, max-image-preview:large, max-video-preview:-1\" \/>\n<link rel=\"canonical\" href=\"https:\/\/masclonic.com\/ca\/productos\/\" \/>\n<meta property=\"og:locale\" content=\"ca_ES\" \/>\n<meta property=\"og:type\" content=\"article\" \/>\n<meta property=\"og:title\" content=\"Productes - Masclonic\" \/>\n<meta property=\"og:url\" content=\"https:\/\/masclonic.com\/ca\/productos\/\" \/>\n<meta property=\"og:site_name\" content=\"Masclonic\" \/>\n<meta property=\"article:modified_time\" content=\"2024-12-10T13:41:51+00:00\" \/>\n<meta name=\"twitter:card\" content=\"summary_large_image\" \/>\n<meta name=\"twitter:label1\" content=\"Temps estimat de lectura\" \/>\n\t<meta name=\"twitter:data1\" content=\"1 minut\" \/>\n<script type=\"application\/ld+json\" class=\"yoast-schema-graph\">{\"@context\":\"https:\/\/schema.org\",\"@graph\":[{\"@type\":\"WebPage\",\"@id\":\"https:\/\/masclonic.com\/ca\/productos\/\",\"url\":\"https:\/\/masclonic.com\/ca\/productos\/\",\"name\":\"Productes - Masclonic\",\"isPartOf\":{\"@id\":\"https:\/\/masclonic.com\/#website\"},\"datePublished\":\"2024-07-29T10:13:47+00:00\",\"dateModified\":\"2024-12-10T13:41:51+00:00\",\"breadcrumb\":{\"@id\":\"https:\/\/masclonic.com\/ca\/productos\/#breadcrumb\"},\"inLanguage\":\"ca\",\"potentialAction\":[{\"@type\":\"ReadAction\",\"target\":[\"https:\/\/masclonic.com\/ca\/productos\/\"]}]},{\"@type\":\"BreadcrumbList\",\"@id\":\"https:\/\/masclonic.com\/ca\/productos\/#breadcrumb\",\"itemListElement\":[{\"@type\":\"ListItem\",\"position\":1,\"name\":\"Home\",\"item\":\"https:\/\/masclonic.com\/ca\/\"},{\"@type\":\"ListItem\",\"position\":2,\"name\":\"Productes\"}]},{\"@type\":\"WebSite\",\"@id\":\"https:\/\/masclonic.com\/#website\",\"url\":\"https:\/\/masclonic.com\/\",\"name\":\"Masclonic\",\"description\":\"Tecnologia electromagn\u00e8tica d'avantguarda\",\"publisher\":{\"@id\":\"https:\/\/masclonic.com\/#organization\"},\"potentialAction\":[{\"@type\":\"SearchAction\",\"target\":{\"@type\":\"EntryPoint\",\"urlTemplate\":\"https:\/\/masclonic.com\/?s={search_term_string}\"},\"query-input\":{\"@type\":\"PropertyValueSpecification\",\"valueRequired\":true,\"valueName\":\"search_term_string\"}}],\"inLanguage\":\"ca\"},{\"@type\":\"Organization\",\"@id\":\"https:\/\/masclonic.com\/#organization\",\"name\":\"Masclonic\",\"url\":\"https:\/\/masclonic.com\/\",\"logo\":{\"@type\":\"ImageObject\",\"inLanguage\":\"ca\",\"@id\":\"https:\/\/masclonic.com\/#\/schema\/logo\/image\/\",\"url\":\"https:\/\/masclonic.com\/wp-content\/uploads\/2024\/07\/logo-1.png\",\"contentUrl\":\"https:\/\/masclonic.com\/wp-content\/uploads\/2024\/07\/logo-1.png\",\"width\":780,\"height\":504,\"caption\":\"Masclonic\"},\"image\":{\"@id\":\"https:\/\/masclonic.com\/#\/schema\/logo\/image\/\"}}]}<\/script>\n<!-- \/ Yoast SEO plugin. -->","yoast_head_json":{"title":"Productes - Masclonic","robots":{"index":"index","follow":"follow","max-snippet":"max-snippet:-1","max-image-preview":"max-image-preview:large","max-video-preview":"max-video-preview:-1"},"canonical":"https:\/\/masclonic.com\/ca\/productos\/","og_locale":"ca_ES","og_type":"article","og_title":"Productes - Masclonic","og_url":"https:\/\/masclonic.com\/ca\/productos\/","og_site_name":"Masclonic","article_modified_time":"2024-12-10T13:41:51+00:00","twitter_card":"summary_large_image","twitter_misc":{"Temps estimat de lectura":"1 minut"},"schema":{"@context":"https:\/\/schema.org","@graph":[{"@type":"WebPage","@id":"https:\/\/masclonic.com\/ca\/productos\/","url":"https:\/\/masclonic.com\/ca\/productos\/","name":"Productes - Masclonic","isPartOf":{"@id":"https:\/\/masclonic.com\/#website"},"datePublished":"2024-07-29T10:13:47+00:00","dateModified":"2024-12-10T13:41:51+00:00","breadcrumb":{"@id":"https:\/\/masclonic.com\/ca\/productos\/#breadcrumb"},"inLanguage":"ca","potentialAction":[{"@type":"ReadAction","target":["https:\/\/masclonic.com\/ca\/productos\/"]}]},{"@type":"BreadcrumbList","@id":"https:\/\/masclonic.com\/ca\/productos\/#breadcrumb","itemListElement":[{"@type":"ListItem","position":1,"name":"Home","item":"https:\/\/masclonic.com\/ca\/"},{"@type":"ListItem","position":2,"name":"Productes"}]},{"@type":"WebSite","@id":"https:\/\/masclonic.com\/#website","url":"https:\/\/masclonic.com\/","name":"Masclonic","description":"Tecnologia electromagn\u00e8tica d'avantguarda","publisher":{"@id":"https:\/\/masclonic.com\/#organization"},"potentialAction":[{"@type":"SearchAction","target":{"@type":"EntryPoint","urlTemplate":"https:\/\/masclonic.com\/?s={search_term_string}"},"query-input":{"@type":"PropertyValueSpecification","valueRequired":true,"valueName":"search_term_string"}}],"inLanguage":"ca"},{"@type":"Organization","@id":"https:\/\/masclonic.com\/#organization","name":"Masclonic","url":"https:\/\/masclonic.com\/","logo":{"@type":"ImageObject","inLanguage":"ca","@id":"https:\/\/masclonic.com\/#\/schema\/logo\/image\/","url":"https:\/\/masclonic.com\/wp-content\/uploads\/2024\/07\/logo-1.png","contentUrl":"https:\/\/masclonic.com\/wp-content\/uploads\/2024\/07\/logo-1.png","width":780,"height":504,"caption":"Masclonic"},"image":{"@id":"https:\/\/masclonic.com\/#\/schema\/logo\/image\/"}}]}},"_links":{"self":[{"href":"https:\/\/masclonic.com\/ca\/wp-json\/wp\/v2\/pages\/5817","targetHints":{"allow":["GET"]}}],"collection":[{"href":"https:\/\/masclonic.com\/ca\/wp-json\/wp\/v2\/pages"}],"about":[{"href":"https:\/\/masclonic.com\/ca\/wp-json\/wp\/v2\/types\/page"}],"author":[{"embeddable":true,"href":"https:\/\/masclonic.com\/ca\/wp-json\/wp\/v2\/users\/1"}],"replies":[{"embeddable":true,"href":"https:\/\/masclonic.com\/ca\/wp-json\/wp\/v2\/comments?post=5817"}],"version-history":[{"count":5,"href":"https:\/\/masclonic.com\/ca\/wp-json\/wp\/v2\/pages\/5817\/revisions"}],"predecessor-version":[{"id":5929,"href":"https:\/\/masclonic.com\/ca\/wp-json\/wp\/v2\/pages\/5817\/revisions\/5929"}],"wp:attachment":[{"href":"https:\/\/masclonic.com\/ca\/wp-json\/wp\/v2\/media?parent=5817"}],"curies":[{"name":"wp","href":"https:\/\/api.w.org\/{rel}","templated":true}]}}